{"id":2103,"date":"2025-09-22T13:48:37","date_gmt":"2025-09-22T13:48:37","guid":{"rendered":"https:\/\/altugsigorta.com\/?page_id=2103"},"modified":"2025-09-22T13:50:18","modified_gmt":"2025-09-22T13:50:18","slug":"kullanim-kosullari","status":"publish","type":"page","link":"https:\/\/altugsigorta.com\/index.php\/kullanim-kosullari\/","title":{"rendered":"Kullan\u0131m Ko\u015fullar\u0131"},"content":{"rendered":"\t\t<div data-elementor-type=\"wp-page\" data-elementor-id=\"2103\" class=\"elementor elementor-2103\" data-elementor-post-type=\"page\">\n\t\t\t\t\t\t<section class=\"elementor-section elementor-top-section elementor-element elementor-element-613acb7 elementor-section-full_width elementor-section-stretched elementor-section-height-default elementor-section-height-default\" data-id=\"613acb7\" data-element_type=\"section\" data-e-type=\"section\" data-settings=\"{&quot;stretch_section&quot;:&quot;section-stretched&quot;}\">\n\t\t\t\t\t\t<div class=\"elementor-container elementor-column-gap-wider\">\n\t\t\t\t\t<div class=\"elementor-column elementor-col-100 elementor-top-column elementor-element elementor-element-da3d0bb\" data-id=\"da3d0bb\" data-element_type=\"column\" data-e-type=\"column\" data-settings=\"{&quot;background_background&quot;:&quot;classic&quot;}\">\n\t\t\t<div class=\"elementor-widget-wrap elementor-element-populated\">\n\t\t\t\t\t\t<section class=\"elementor-section elementor-inner-section elementor-element elementor-element-313c9c4 elementor-section-boxed elementor-section-height-default elementor-section-height-default\" data-id=\"313c9c4\" data-element_type=\"section\" data-e-type=\"section\">\n\t\t\t\t\t\t<div class=\"elementor-container elementor-column-gap-default\">\n\t\t\t\t\t<div class=\"elementor-column elementor-col-100 elementor-inner-column elementor-element elementor-element-3baee6d\" data-id=\"3baee6d\" data-element_type=\"column\" data-e-type=\"column\">\n\t\t\t<div class=\"elementor-widget-wrap elementor-element-populated\">\n\t\t\t\t\t\t<div class=\"elementor-element elementor-element-d0d76c7 elementor-widget elementor-widget-heading\" data-id=\"d0d76c7\" data-element_type=\"widget\" data-e-type=\"widget\" data-widget_type=\"heading.default\">\n\t\t\t\t<div class=\"elementor-widget-container\">\n\t\t\t\t\t<h1 class=\"elementor-heading-title elementor-size-default\">Kullan\u0131m Ko\u015fullar\u0131<\/h1>\t\t\t\t<\/div>\n\t\t\t\t<\/div>\n\t\t\t\t<div class=\"elementor-element elementor-element-a62f48a elementor-widget elementor-widget-text-editor\" data-id=\"a62f48a\" data-element_type=\"widget\" data-e-type=\"widget\" data-widget_type=\"text-editor.default\">\n\t\t\t\t<div class=\"elementor-widget-container\">\n\t\t\t\t\t\t\t\t\t<h5 data-start=\"2898\" data-end=\"2945\"><strong data-start=\"2898\" data-end=\"2943\">Web Sitesi Kullan\u0131m Ko\u015fullar\u0131<\/strong><\/h5>\n<ol data-start=\"2947\" data-end=\"3673\">\n<li data-start=\"2947\" data-end=\"3038\">\n<p data-start=\"2950\" data-end=\"3038\">Web sitesini ziyaret eden kullan\u0131c\u0131lar, burada yer alan ko\u015fullar\u0131 kabul etmi\u015f say\u0131l\u0131r.<\/p>\n<\/li>\n<li data-start=\"3039\" data-end=\"3143\">\n<p data-start=\"3042\" data-end=\"3143\">Web sitesindeki t\u00fcm i\u00e7erik, marka, logo ve g\u00f6rseller Altu\u011f \u00c7ak\u0131r Sigorta Arac\u0131l\u0131k Hizmetleri Ltd. \u015eti. ne aittir ve izinsiz kullan\u0131lamaz.<\/p>\n<\/li>\n<li data-start=\"3144\" data-end=\"3237\">\n<p data-start=\"3147\" data-end=\"3237\">Sitedeki bilgiler yaln\u0131zca bilgilendirme ama\u00e7l\u0131d\u0131r ve ba\u011flay\u0131c\u0131 teklif niteli\u011fi ta\u015f\u0131maz.<\/p>\n<\/li>\n<li data-start=\"3238\" data-end=\"3315\">\n<p data-start=\"3241\" data-end=\"3315\">Kullan\u0131c\u0131, siteyi yaln\u0131zca yasalara uygun \u015fekilde kullanmay\u0131 kabul eder.<\/p>\n<\/li>\n<li data-start=\"3316\" data-end=\"3408\">\n<p data-start=\"3319\" data-end=\"3408\">Altu\u011f \u00c7ak\u0131r Sigorta Arac\u0131l\u0131k Hizmetleri Ltd. \u015eti. web sitesinde de\u011fi\u015fiklik yapma veya eri\u015fimi k\u0131s\u0131tlama hakk\u0131n\u0131 sakl\u0131 tutar.<\/p>\n<\/li>\n<li data-start=\"3409\" data-end=\"3525\">\n<p data-start=\"3412\" data-end=\"3525\">Web sitesi \u00fczerinden toplanan ki\u015fisel veriler, Gizlilik Politikas\u0131 ve KVKK Ayd\u0131nlatma Metni kapsam\u0131nda i\u015flenir.<\/p>\n<\/li>\n<li data-start=\"3526\" data-end=\"3673\">\n<p data-start=\"3529\" data-end=\"3673\">\u0130\u015fbu kullan\u0131m ko\u015fullar\u0131 T\u00fcrkiye Cumhuriyeti kanunlar\u0131na tabidir; do\u011fabilecek uyu\u015fmazl\u0131klarda Sakarya Mahkemeleri ve \u0130cra Daireleri yetkilidir.<\/p>\n<\/li>\n<\/ol>\t\t\t\t\t\t\t\t<\/div>\n\t\t\t\t<\/div>\n\t\t\t\t\t<\/div>\n\t\t<\/div>\n\t\t\t\t\t<\/div>\n\t\t<\/section>\n\t\t\t\t\t<\/div>\n\t\t<\/div>\n\t\t\t\t\t<\/div>\n\t\t<\/section>\n\t\t\t\t<\/div>\n\t\t","protected":false},"excerpt":{"rendered":"<p>Kullan\u0131m Ko\u015fullar\u0131 Web Sitesi Kullan\u0131m Ko\u015fullar\u0131 Web sitesini ziyaret eden kullan\u0131c\u0131lar, burada yer alan ko\u015fullar\u0131<span class=\"excerpt-hellip\"> [\u2026]<\/span><\/p>\n","protected":false},"author":1,"featured_media":0,"parent":0,"menu_order":0,"comment_status":"open","ping_status":"closed","template":"","meta":{"footnotes":""},"class_list":["post-2103","page","type-page","status-publish","hentry"],"_links":{"self":[{"href":"https:\/\/altugsigorta.com\/index.php\/wp-json\/wp\/v2\/pages\/2103","targetHints":{"allow":["GET"]}}],"collection":[{"href":"https:\/\/altugsigorta.com\/index.php\/wp-json\/wp\/v2\/pages"}],"about":[{"href":"https:\/\/altugsigorta.com\/index.php\/wp-json\/wp\/v2\/types\/page"}],"author":[{"embeddable":true,"href":"https:\/\/altugsigorta.com\/index.php\/wp-json\/wp\/v2\/users\/1"}],"replies":[{"embeddable":true,"href":"https:\/\/altugsigorta.com\/index.php\/wp-json\/wp\/v2\/comments?post=2103"}],"version-history":[{"count":4,"href":"https:\/\/altugsigorta.com\/index.php\/wp-json\/wp\/v2\/pages\/2103\/revisions"}],"predecessor-version":[{"id":2107,"href":"https:\/\/altugsigorta.com\/index.php\/wp-json\/wp\/v2\/pages\/2103\/revisions\/2107"}],"wp:attachment":[{"href":"https:\/\/altugsigorta.com\/index.php\/wp-json\/wp\/v2\/media?parent=2103"}],"curies":[{"name":"wp","href":"https:\/\/api.w.org\/{rel}","templated":true}]}}