{"id":2098,"date":"2025-09-22T13:45:20","date_gmt":"2025-09-22T13:45:20","guid":{"rendered":"https:\/\/altugsigorta.com\/?page_id=2098"},"modified":"2025-09-22T13:47:42","modified_gmt":"2025-09-22T13:47:42","slug":"kvkk-aydinlatma-metni","status":"publish","type":"page","link":"https:\/\/altugsigorta.com\/index.php\/kvkk-aydinlatma-metni\/","title":{"rendered":"KVKK Ayd\u0131nlatma Metni"},"content":{"rendered":"\t\t<div data-elementor-type=\"wp-page\" data-elementor-id=\"2098\" class=\"elementor elementor-2098\" data-elementor-post-type=\"page\">\n\t\t\t\t\t\t<section class=\"elementor-section elementor-top-section elementor-element elementor-element-613acb7 elementor-section-full_width elementor-section-stretched elementor-section-height-default elementor-section-height-default\" data-id=\"613acb7\" data-element_type=\"section\" data-e-type=\"section\" data-settings=\"{&quot;stretch_section&quot;:&quot;section-stretched&quot;}\">\n\t\t\t\t\t\t<div class=\"elementor-container elementor-column-gap-wider\">\n\t\t\t\t\t<div class=\"elementor-column elementor-col-100 elementor-top-column elementor-element elementor-element-da3d0bb\" data-id=\"da3d0bb\" data-element_type=\"column\" data-e-type=\"column\" data-settings=\"{&quot;background_background&quot;:&quot;classic&quot;}\">\n\t\t\t<div class=\"elementor-widget-wrap elementor-element-populated\">\n\t\t\t\t\t\t<section class=\"elementor-section elementor-inner-section elementor-element elementor-element-313c9c4 elementor-section-boxed elementor-section-height-default elementor-section-height-default\" data-id=\"313c9c4\" data-element_type=\"section\" data-e-type=\"section\">\n\t\t\t\t\t\t<div class=\"elementor-container elementor-column-gap-default\">\n\t\t\t\t\t<div class=\"elementor-column elementor-col-100 elementor-inner-column elementor-element elementor-element-3baee6d\" data-id=\"3baee6d\" data-element_type=\"column\" data-e-type=\"column\">\n\t\t\t<div class=\"elementor-widget-wrap elementor-element-populated\">\n\t\t\t\t\t\t<div class=\"elementor-element elementor-element-d0d76c7 elementor-widget elementor-widget-heading\" data-id=\"d0d76c7\" data-element_type=\"widget\" data-e-type=\"widget\" data-widget_type=\"heading.default\">\n\t\t\t\t<div class=\"elementor-widget-container\">\n\t\t\t\t\t<h1 class=\"elementor-heading-title elementor-size-default\">KVKK Ayd\u0131nlatma Metni<\/h1>\t\t\t\t<\/div>\n\t\t\t\t<\/div>\n\t\t\t\t<div class=\"elementor-element elementor-element-a62f48a elementor-widget elementor-widget-text-editor\" data-id=\"a62f48a\" data-element_type=\"widget\" data-e-type=\"widget\" data-widget_type=\"text-editor.default\">\n\t\t\t\t<div class=\"elementor-widget-container\">\n\t\t\t\t\t\t\t\t\t<h3 data-start=\"2158\" data-end=\"2220\"><strong data-start=\"2158\" data-end=\"2218\">Ki\u015fisel Verilerin Korunmas\u0131 Ayd\u0131nlatma Metni<\/strong><\/h3><p data-start=\"2222\" data-end=\"2362\">6698 say\u0131l\u0131 Ki\u015fisel Verilerin Korunmas\u0131 Kanunu (\u201cKVKK\u201d) kapsam\u0131nda, veri sorumlusu s\u0131fat\u0131yla ki\u015fisel verilerinizin i\u015flendi\u011fini bildiririz.<\/p><h6 data-start=\"2364\" data-end=\"2384\">Veri Sorumlusu<\/h6><p data-start=\"2385\" data-end=\"2440\">Altu\u011f \u00c7ak\u0131r Sigorta Arac\u0131l\u0131k Hizmetleri Ltd. \u015eti.\u00a0<\/p><p data-start=\"2385\" data-end=\"2440\">Telefon: <a class=\"title_link\" title=\"\" href=\"tel:+610383766284\">+90(532) 157 12 54<\/a><\/p><p data-start=\"2385\" data-end=\"2440\">E-posta: <a href=\"mailto:altugsigorta54@hotmail.com\">info@altugsigorta.com<\/a><\/p><h6 data-start=\"2442\" data-end=\"2463\">\u0130\u015fleme Ama\u00e7lar\u0131<\/h6><ul data-start=\"2464\" data-end=\"2589\"><li data-start=\"2464\" data-end=\"2509\"><p data-start=\"2466\" data-end=\"2509\">Hizmet veya \u00fcr\u00fcn s\u00fcre\u00e7lerinin y\u00fcr\u00fct\u00fclmesi<\/p><\/li><li data-start=\"2510\" data-end=\"2544\"><p data-start=\"2512\" data-end=\"2544\">M\u00fc\u015fteri ili\u015fkilerinin y\u00f6netimi<\/p><\/li><li data-start=\"2545\" data-end=\"2589\"><p data-start=\"2547\" data-end=\"2589\">Yasal y\u00fck\u00fcml\u00fcl\u00fcklerin yerine getirilmesi<\/p><\/li><\/ul><h6 data-start=\"2591\" data-end=\"2609\">Hukuki Sebep<\/h6><p data-start=\"2610\" data-end=\"2751\">Verileriniz KVKK md. 5\/2 uyar\u0131nca s\u00f6zle\u015fmenin ifas\u0131, me\u015fru menfaat veya yasal y\u00fck\u00fcml\u00fcl\u00fcklerin yerine getirilmesi ama\u00e7lar\u0131yla i\u015flenmektedir.<\/p><h6 data-start=\"2753\" data-end=\"2769\">Haklar\u0131n\u0131z<\/h6><p data-start=\"2770\" data-end=\"2864\">KVKK md. 11 uyar\u0131nca bilgi alma, d\u00fczeltme, silme ve i\u015fleme itiraz etme haklar\u0131na sahipsiniz.<\/p>\t\t\t\t\t\t\t\t<\/div>\n\t\t\t\t<\/div>\n\t\t\t\t\t<\/div>\n\t\t<\/div>\n\t\t\t\t\t<\/div>\n\t\t<\/section>\n\t\t\t\t\t<\/div>\n\t\t<\/div>\n\t\t\t\t\t<\/div>\n\t\t<\/section>\n\t\t\t\t<\/div>\n\t\t","protected":false},"excerpt":{"rendered":"<p>KVKK Ayd\u0131nlatma Metni Ki\u015fisel Verilerin Korunmas\u0131 Ayd\u0131nlatma Metni 6698 say\u0131l\u0131 Ki\u015fisel Verilerin Korunmas\u0131 Kanunu (\u201cKVKK\u201d)<span class=\"excerpt-hellip\"> [\u2026]<\/span><\/p>\n","protected":false},"author":1,"featured_media":0,"parent":0,"menu_order":0,"comment_status":"open","ping_status":"closed","template":"","meta":{"footnotes":""},"class_list":["post-2098","page","type-page","status-publish","hentry"],"_links":{"self":[{"href":"https:\/\/altugsigorta.com\/index.php\/wp-json\/wp\/v2\/pages\/2098","targetHints":{"allow":["GET"]}}],"collection":[{"href":"https:\/\/altugsigorta.com\/index.php\/wp-json\/wp\/v2\/pages"}],"about":[{"href":"https:\/\/altugsigorta.com\/index.php\/wp-json\/wp\/v2\/types\/page"}],"author":[{"embeddable":true,"href":"https:\/\/altugsigorta.com\/index.php\/wp-json\/wp\/v2\/users\/1"}],"replies":[{"embeddable":true,"href":"https:\/\/altugsigorta.com\/index.php\/wp-json\/wp\/v2\/comments?post=2098"}],"version-history":[{"count":4,"href":"https:\/\/altugsigorta.com\/index.php\/wp-json\/wp\/v2\/pages\/2098\/revisions"}],"predecessor-version":[{"id":2102,"href":"https:\/\/altugsigorta.com\/index.php\/wp-json\/wp\/v2\/pages\/2098\/revisions\/2102"}],"wp:attachment":[{"href":"https:\/\/altugsigorta.com\/index.php\/wp-json\/wp\/v2\/media?parent=2098"}],"curies":[{"name":"wp","href":"https:\/\/api.w.org\/{rel}","templated":true}]}}