{"id":2093,"date":"2025-09-22T13:43:37","date_gmt":"2025-09-22T13:43:37","guid":{"rendered":"https:\/\/altugsigorta.com\/?page_id=2093"},"modified":"2025-09-22T13:44:49","modified_gmt":"2025-09-22T13:44:49","slug":"gizlilik-politikasi","status":"publish","type":"page","link":"https:\/\/altugsigorta.com\/index.php\/gizlilik-politikasi\/","title":{"rendered":"Gizlilik Politikas\u0131"},"content":{"rendered":"\t\t<div data-elementor-type=\"wp-page\" data-elementor-id=\"2093\" class=\"elementor elementor-2093\" data-elementor-post-type=\"page\">\n\t\t\t\t\t\t<section class=\"elementor-section elementor-top-section elementor-element elementor-element-613acb7 elementor-section-full_width elementor-section-stretched elementor-section-height-default elementor-section-height-default\" data-id=\"613acb7\" data-element_type=\"section\" data-e-type=\"section\" data-settings=\"{&quot;stretch_section&quot;:&quot;section-stretched&quot;}\">\n\t\t\t\t\t\t<div class=\"elementor-container elementor-column-gap-wider\">\n\t\t\t\t\t<div class=\"elementor-column elementor-col-100 elementor-top-column elementor-element elementor-element-da3d0bb\" data-id=\"da3d0bb\" data-element_type=\"column\" data-e-type=\"column\" data-settings=\"{&quot;background_background&quot;:&quot;classic&quot;}\">\n\t\t\t<div class=\"elementor-widget-wrap elementor-element-populated\">\n\t\t\t\t\t\t<section class=\"elementor-section elementor-inner-section elementor-element elementor-element-313c9c4 elementor-section-boxed elementor-section-height-default elementor-section-height-default\" data-id=\"313c9c4\" data-element_type=\"section\" data-e-type=\"section\">\n\t\t\t\t\t\t<div class=\"elementor-container elementor-column-gap-default\">\n\t\t\t\t\t<div class=\"elementor-column elementor-col-100 elementor-inner-column elementor-element elementor-element-3baee6d\" data-id=\"3baee6d\" data-element_type=\"column\" data-e-type=\"column\">\n\t\t\t<div class=\"elementor-widget-wrap elementor-element-populated\">\n\t\t\t\t\t\t<div class=\"elementor-element elementor-element-d0d76c7 elementor-widget elementor-widget-heading\" data-id=\"d0d76c7\" data-element_type=\"widget\" data-e-type=\"widget\" data-widget_type=\"heading.default\">\n\t\t\t\t<div class=\"elementor-widget-container\">\n\t\t\t\t\t<h1 class=\"elementor-heading-title elementor-size-default\">Gizlilik Politikas\u0131<\/h1>\t\t\t\t<\/div>\n\t\t\t\t<\/div>\n\t\t\t\t<div class=\"elementor-element elementor-element-a62f48a elementor-widget elementor-widget-text-editor\" data-id=\"a62f48a\" data-element_type=\"widget\" data-e-type=\"widget\" data-widget_type=\"text-editor.default\">\n\t\t\t\t<div class=\"elementor-widget-container\">\n\t\t\t\t\t\t\t\t\t<h4 data-start=\"1323\" data-end=\"1360\"><strong data-start=\"1323\" data-end=\"1358\">Gizlilik Politikas\u0131<\/strong><\/h4><p data-start=\"1362\" data-end=\"1471\">Altu\u011f \u00c7ak\u0131r Sigorta Arac\u0131l\u0131k Hizmetleri Ltd. \u015eti. , kullan\u0131c\u0131lar\u0131n\u0131n ki\u015fisel verilerinin korunmas\u0131na \u00f6nem verir ve gizlilik haklar\u0131na sayg\u0131 duyar.<\/p><h6 data-start=\"1473\" data-end=\"1495\">Toplanan Veriler<\/h6><p data-start=\"1496\" data-end=\"1641\">Web sitemiz \u00fczerinden ad, soyad, e-posta, telefon gibi ki\u015fisel veriler; yaln\u0131zca hizmet veya ileti\u015fim taleplerini kar\u015f\u0131lamak amac\u0131yla toplan\u0131r.<\/p><h6 data-start=\"1643\" data-end=\"1666\">Kullan\u0131m Ama\u00e7lar\u0131<\/h6><ul data-start=\"1667\" data-end=\"1821\"><li data-start=\"1667\" data-end=\"1703\"><p data-start=\"1669\" data-end=\"1703\">Kullan\u0131c\u0131 taleplerini kar\u015f\u0131lamak<\/p><\/li><li data-start=\"1704\" data-end=\"1745\"><p data-start=\"1706\" data-end=\"1745\">Hizmet veya \u00fcr\u00fcn s\u00fcre\u00e7lerini y\u00fcr\u00fctmek<\/p><\/li><li data-start=\"1746\" data-end=\"1780\"><p data-start=\"1748\" data-end=\"1780\">M\u00fc\u015fteri memnuniyetini sa\u011flamak<\/p><\/li><li data-start=\"1781\" data-end=\"1821\"><p data-start=\"1783\" data-end=\"1821\">Yasal y\u00fck\u00fcml\u00fcl\u00fckleri yerine getirmek<\/p><\/li><\/ul><h6 data-start=\"1823\" data-end=\"1843\">Veri G\u00fcvenli\u011fi<\/h6><p data-start=\"1844\" data-end=\"1989\">Ki\u015fisel veriler g\u00fcvenli ortamlarda saklan\u0131r ve \u00fc\u00e7\u00fcnc\u00fc ki\u015filerle payla\u015f\u0131lmaz. Yaln\u0131zca yasal zorunluluk halinde resmi kurumlarla payla\u015f\u0131labilir.<\/p><h6 data-start=\"1991\" data-end=\"2007\">Haklar\u0131n\u0131z<\/h6><p data-start=\"2008\" data-end=\"2121\">KVKK \u00e7er\u00e7evesinde; verileriniz \u00fczerinde bilgi alma, d\u00fczeltme, silme ve i\u015fleme itiraz etme haklar\u0131na sahipsiniz.<\/p>\t\t\t\t\t\t\t\t<\/div>\n\t\t\t\t<\/div>\n\t\t\t\t\t<\/div>\n\t\t<\/div>\n\t\t\t\t\t<\/div>\n\t\t<\/section>\n\t\t\t\t\t<\/div>\n\t\t<\/div>\n\t\t\t\t\t<\/div>\n\t\t<\/section>\n\t\t\t\t<\/div>\n\t\t","protected":false},"excerpt":{"rendered":"<p>Gizlilik Politikas\u0131 Gizlilik Politikas\u0131 Altu\u011f \u00c7ak\u0131r Sigorta Arac\u0131l\u0131k Hizmetleri Ltd. \u015eti. , kullan\u0131c\u0131lar\u0131n\u0131n ki\u015fisel verilerinin<span class=\"excerpt-hellip\"> [\u2026]<\/span><\/p>\n","protected":false},"author":1,"featured_media":0,"parent":0,"menu_order":0,"comment_status":"open","ping_status":"closed","template":"","meta":{"footnotes":""},"class_list":["post-2093","page","type-page","status-publish","hentry"],"_links":{"self":[{"href":"https:\/\/altugsigorta.com\/index.php\/wp-json\/wp\/v2\/pages\/2093","targetHints":{"allow":["GET"]}}],"collection":[{"href":"https:\/\/altugsigorta.com\/index.php\/wp-json\/wp\/v2\/pages"}],"about":[{"href":"https:\/\/altugsigorta.com\/index.php\/wp-json\/wp\/v2\/types\/page"}],"author":[{"embeddable":true,"href":"https:\/\/altugsigorta.com\/index.php\/wp-json\/wp\/v2\/users\/1"}],"replies":[{"embeddable":true,"href":"https:\/\/altugsigorta.com\/index.php\/wp-json\/wp\/v2\/comments?post=2093"}],"version-history":[{"count":4,"href":"https:\/\/altugsigorta.com\/index.php\/wp-json\/wp\/v2\/pages\/2093\/revisions"}],"predecessor-version":[{"id":2097,"href":"https:\/\/altugsigorta.com\/index.php\/wp-json\/wp\/v2\/pages\/2093\/revisions\/2097"}],"wp:attachment":[{"href":"https:\/\/altugsigorta.com\/index.php\/wp-json\/wp\/v2\/media?parent=2093"}],"curies":[{"name":"wp","href":"https:\/\/api.w.org\/{rel}","templated":true}]}}