{"id":2085,"date":"2025-09-22T13:38:30","date_gmt":"2025-09-22T13:38:30","guid":{"rendered":"https:\/\/altugsigorta.com\/?page_id=2085"},"modified":"2025-09-22T13:42:59","modified_gmt":"2025-09-22T13:42:59","slug":"cerez-politikasi","status":"publish","type":"page","link":"https:\/\/altugsigorta.com\/index.php\/cerez-politikasi\/","title":{"rendered":"\u00c7erez Politikas\u0131"},"content":{"rendered":"\t\t<div data-elementor-type=\"wp-page\" data-elementor-id=\"2085\" class=\"elementor elementor-2085\" data-elementor-post-type=\"page\">\n\t\t\t\t\t\t<section class=\"elementor-section elementor-top-section elementor-element elementor-element-613acb7 elementor-section-full_width elementor-section-stretched elementor-section-height-default elementor-section-height-default\" data-id=\"613acb7\" data-element_type=\"section\" data-e-type=\"section\" data-settings=\"{&quot;stretch_section&quot;:&quot;section-stretched&quot;}\">\n\t\t\t\t\t\t<div class=\"elementor-container elementor-column-gap-wider\">\n\t\t\t\t\t<div class=\"elementor-column elementor-col-100 elementor-top-column elementor-element elementor-element-da3d0bb\" data-id=\"da3d0bb\" data-element_type=\"column\" data-e-type=\"column\" data-settings=\"{&quot;background_background&quot;:&quot;classic&quot;}\">\n\t\t\t<div class=\"elementor-widget-wrap elementor-element-populated\">\n\t\t\t\t\t\t<section class=\"elementor-section elementor-inner-section elementor-element elementor-element-313c9c4 elementor-section-boxed elementor-section-height-default elementor-section-height-default\" data-id=\"313c9c4\" data-element_type=\"section\" data-e-type=\"section\">\n\t\t\t\t\t\t<div class=\"elementor-container elementor-column-gap-default\">\n\t\t\t\t\t<div class=\"elementor-column elementor-col-100 elementor-inner-column elementor-element elementor-element-3baee6d\" data-id=\"3baee6d\" data-element_type=\"column\" data-e-type=\"column\">\n\t\t\t<div class=\"elementor-widget-wrap elementor-element-populated\">\n\t\t\t\t\t\t<div class=\"elementor-element elementor-element-d0d76c7 elementor-widget elementor-widget-heading\" data-id=\"d0d76c7\" data-element_type=\"widget\" data-e-type=\"widget\" data-widget_type=\"heading.default\">\n\t\t\t\t<div class=\"elementor-widget-container\">\n\t\t\t\t\t<h1 class=\"elementor-heading-title elementor-size-default\">\u00c7erez Politikas\u0131<\/h1>\t\t\t\t<\/div>\n\t\t\t\t<\/div>\n\t\t\t\t<div class=\"elementor-element elementor-element-a62f48a elementor-widget elementor-widget-text-editor\" data-id=\"a62f48a\" data-element_type=\"widget\" data-e-type=\"widget\" data-widget_type=\"text-editor.default\">\n\t\t\t\t<div class=\"elementor-widget-container\">\n\t\t\t\t\t\t\t\t\t<h5 data-start=\"253\" data-end=\"287\"><strong data-start=\"253\" data-end=\"285\">\u00c7erez Politikas\u0131<\/strong><\/h5><p data-start=\"289\" data-end=\"449\">Altu\u011f \u00c7ak\u0131r Sigorta Arac\u0131l\u0131k Hizmetleri Ltd. \u015eti. olarak web sitemizde kullan\u0131c\u0131 deneyimini geli\u015ftirmek, hizmetlerimizi iyile\u015ftirmek ve g\u00fcvenli\u011fi sa\u011flamak amac\u0131yla \u00e7erezler (cookies) kullan\u0131yoruz.<\/p><h6 data-start=\"451\" data-end=\"469\">\u00c7erez Nedir?<\/h6><p data-start=\"470\" data-end=\"655\">\u00c7erezler, web sitemizi ziyaret etti\u011finizde cihaz\u0131n\u0131za kaydedilen k\u00fc\u00e7\u00fck metin dosyalar\u0131d\u0131r. Bu sayede site tercihlerinizi hat\u0131rlayabilir ve kullan\u0131m istatistiklerini analiz edebiliriz.<\/p><h6 data-start=\"657\" data-end=\"687\">Kullan\u0131lan \u00c7erez T\u00fcrleri<\/h6><ul data-start=\"688\" data-end=\"1078\"><li data-start=\"688\" data-end=\"767\"><p data-start=\"690\" data-end=\"767\"><strong data-start=\"690\" data-end=\"711\">Zorunlu \u00c7erezler:<\/strong> Sitenin temel i\u015flevlerinin \u00e7al\u0131\u015fmas\u0131 i\u00e7in gereklidir.<\/p><\/li><li data-start=\"768\" data-end=\"873\"><p data-start=\"770\" data-end=\"873\"><strong data-start=\"770\" data-end=\"792\">Analitik \u00c7erezler:<\/strong> Web sitesi performans\u0131n\u0131 ve kullan\u0131c\u0131 davran\u0131\u015flar\u0131n\u0131 anlamam\u0131za yard\u0131mc\u0131 olur.<\/p><\/li><li data-start=\"874\" data-end=\"973\"><p data-start=\"876\" data-end=\"973\"><strong data-start=\"876\" data-end=\"901\">Fonksiyonel \u00c7erezler:<\/strong> Siteyi kullan\u0131c\u0131 tercihlerine g\u00f6re ki\u015fiselle\u015ftirmemize olanak sa\u011flar.<\/p><\/li><li data-start=\"974\" data-end=\"1078\"><p data-start=\"976\" data-end=\"1078\"><strong data-start=\"976\" data-end=\"1010\">Reklam ve Hedefleme \u00c7erezleri:<\/strong> \u0130lgi alanlar\u0131n\u0131za uygun i\u00e7erik ve reklam sunmam\u0131za yard\u0131mc\u0131 olur.<\/p><\/li><\/ul><h6 data-start=\"1080\" data-end=\"1105\">\u00c7erezlerin Y\u00f6netimi<\/h6><p data-start=\"1106\" data-end=\"1288\">Taray\u0131c\u0131 ayarlar\u0131n\u0131z \u00fczerinden \u00e7erezleri kabul etmeyi, reddetmeyi veya silebilirsiniz. \u00c7erezleri devre d\u0131\u015f\u0131 b\u0131rakman\u0131z halinde web sitemizin baz\u0131 \u00f6zellikleri d\u00fczg\u00fcn \u00e7al\u0131\u015fmayabilir.<\/p>\t\t\t\t\t\t\t\t<\/div>\n\t\t\t\t<\/div>\n\t\t\t\t\t<\/div>\n\t\t<\/div>\n\t\t\t\t\t<\/div>\n\t\t<\/section>\n\t\t\t\t\t<\/div>\n\t\t<\/div>\n\t\t\t\t\t<\/div>\n\t\t<\/section>\n\t\t\t\t<\/div>\n\t\t","protected":false},"excerpt":{"rendered":"<p>\u00c7erez Politikas\u0131 \u00c7erez Politikas\u0131 Altu\u011f \u00c7ak\u0131r Sigorta Arac\u0131l\u0131k Hizmetleri Ltd. \u015eti. olarak web sitemizde kullan\u0131c\u0131<span class=\"excerpt-hellip\"> [\u2026]<\/span><\/p>\n","protected":false},"author":1,"featured_media":0,"parent":0,"menu_order":0,"comment_status":"open","ping_status":"closed","template":"","meta":{"footnotes":""},"class_list":["post-2085","page","type-page","status-publish","hentry"],"_links":{"self":[{"href":"https:\/\/altugsigorta.com\/index.php\/wp-json\/wp\/v2\/pages\/2085","targetHints":{"allow":["GET"]}}],"collection":[{"href":"https:\/\/altugsigorta.com\/index.php\/wp-json\/wp\/v2\/pages"}],"about":[{"href":"https:\/\/altugsigorta.com\/index.php\/wp-json\/wp\/v2\/types\/page"}],"author":[{"embeddable":true,"href":"https:\/\/altugsigorta.com\/index.php\/wp-json\/wp\/v2\/users\/1"}],"replies":[{"embeddable":true,"href":"https:\/\/altugsigorta.com\/index.php\/wp-json\/wp\/v2\/comments?post=2085"}],"version-history":[{"count":7,"href":"https:\/\/altugsigorta.com\/index.php\/wp-json\/wp\/v2\/pages\/2085\/revisions"}],"predecessor-version":[{"id":2092,"href":"https:\/\/altugsigorta.com\/index.php\/wp-json\/wp\/v2\/pages\/2085\/revisions\/2092"}],"wp:attachment":[{"href":"https:\/\/altugsigorta.com\/index.php\/wp-json\/wp\/v2\/media?parent=2085"}],"curies":[{"name":"wp","href":"https:\/\/api.w.org\/{rel}","templated":true}]}}