{"id":1732,"date":"2024-05-27T09:27:09","date_gmt":"2024-05-27T09:27:09","guid":{"rendered":"https:\/\/altugsigorta.com\/?page_id=1732"},"modified":"2026-03-26T15:15:31","modified_gmt":"2026-03-26T15:15:31","slug":"all-risk-sigortasi","status":"publish","type":"page","link":"https:\/\/altugsigorta.com\/index.php\/all-risk-sigortasi\/","title":{"rendered":"All Risk Sigortas\u0131"},"content":{"rendered":"<h3>\n\t\t\t\t\tAll Risk<br \/>\n\t\t\t\t\tSigortas\u0131<br \/>\n\t\t\t\t<\/h3>\n<h2>All Risk Sigortas\u0131<\/h2>\n<h3><strong>Kapsaml\u0131 Koruma: All Risk Sigortas\u0131<\/strong><\/h3>\n<p>All Risk Sigortas\u0131, beklenmedik durumlar kar\u015f\u0131s\u0131nda m\u00fclk\u00fcn\u00fcz\u00fc ve de\u011ferli e\u015fyalar\u0131n\u0131z\u0131 koruyan geni\u015f kapsaml\u0131 bir sigorta t\u00fcr\u00fcd\u00fcr. Hem i\u015f yerinizde hem de evinizde kar\u015f\u0131la\u015fabilece\u011finiz her t\u00fcrl\u00fc riske kar\u015f\u0131 g\u00fcvence sa\u011flar. Altu\u011f Sigorta olarak, size en uygun ve kapsaml\u0131 All Risk Sigortas\u0131 \u00e7\u00f6z\u00fcmlerini sunuyoruz.<\/p>\n<h3><strong>All Risk Sigortas\u0131 Neleri Kapsar?<\/strong><\/h3>\n<p><strong>Yang\u0131n ve Patlama:<\/strong> Yang\u0131n veya patlama sonucu olu\u015fabilecek zararlar\u0131 teminat alt\u0131na al\u0131r.<\/p>\n<p><strong>H\u0131rs\u0131zl\u0131k ve Vandalizm:<\/strong> M\u00fclk\u00fcn\u00fczde meydana gelebilecek h\u0131rs\u0131zl\u0131k ve vandalizm olaylar\u0131nda tazminat sa\u011flar.<\/p>\n<p><strong>Su Bask\u0131n\u0131 ve Sel:<\/strong> Su bask\u0131n\u0131 veya sel sonucu olu\u015fabilecek hasarlar\u0131 kar\u015f\u0131lar.<\/p>\n<p><strong>Do\u011fal Afetler:<\/strong> Deprem, f\u0131rt\u0131na, dolu gibi do\u011fal afetlerin neden olabilece\u011fi zararlar\u0131 teminat alt\u0131na al\u0131r.<\/p>\n<p><strong>Kazalar:<\/strong> Beklenmedik kazalar sonucu meydana gelebilecek hasarlar\u0131 kar\u015f\u0131lar.<\/p>\n<p><strong>Makine ve Ekipman Ar\u0131zalar\u0131:<\/strong> \u0130\u015f yerinizdeki makine ve ekipmanlar\u0131n ar\u0131zalanmas\u0131 durumunda olu\u015fabilecek maliyetleri kar\u015f\u0131lar.<\/p>\n<h3><strong>Neden All Risk Sigortas\u0131?<\/strong><\/h3>\n<p><strong>Kapsaml\u0131 Koruma:<\/strong> Her t\u00fcrl\u00fc riske kar\u015f\u0131 m\u00fclk\u00fcn\u00fcz\u00fc ve e\u015fyalar\u0131n\u0131z\u0131 g\u00fcvence alt\u0131na al\u0131r.<\/p>\n<p><strong>Maddi G\u00fcvence:<\/strong> Beklenmedik durumlar kar\u015f\u0131s\u0131nda maddi kay\u0131plar\u0131n\u0131z\u0131 minimuma indirir.<\/p>\n<p><strong>Huzurlu Ya\u015fam:<\/strong> Hem i\u015f yerinizde hem de evinizde huzur ve g\u00fcven i\u00e7inde ya\u015faman\u0131z\u0131 sa\u011flar.<\/p>\n<p><strong>Risk Y\u00f6netimi:<\/strong> \u0130\u015f yerinizde olas\u0131 riskleri minimuma indirerek, i\u015f s\u00fcreklili\u011fini sa\u011flar.<\/p>\n<h4><strong>Bizimle G\u00fcvendesiniz<\/strong><\/h4>\n<p>Altu\u011f Sigorta, All Risk Sigortas\u0131 alan\u0131nda uzmanla\u015fm\u0131\u015f bir ekiple size en iyi hizmeti sunar. M\u00fclk\u00fcn\u00fcz\u00fcn ve de\u011ferli e\u015fyalar\u0131n\u0131z\u0131n g\u00fcvenli\u011fi i\u00e7in yan\u0131n\u0131zday\u0131z.<\/p>\n<h3>\n\t\t\t\t\tHemen<br \/>\n\t\t\t\t\tTeklif Al\u0131n<br \/>\n\t\t\t\t\t<\/h3>\n<h2>Bloglar\u0131m\u0131z<\/h2>\n<article style=\"\">May\u0131s 22, 2024<img fetchpriority=\"high\" width=\"768\" height=\"512\" src=\"https:\/\/altugsigorta.com\/wp-content\/uploads\/2024\/05\/Tasit-Sigotasi-resim.jpg\" alt=\"\" itemprop=\"image\" decoding=\"async\" srcset=\"https:\/\/altugsigorta.com\/wp-content\/uploads\/2024\/05\/Tasit-Sigotasi-resim.jpg 768w, https:\/\/altugsigorta.com\/wp-content\/uploads\/2024\/05\/Tasit-Sigotasi-resim-500x333.jpg 500w, https:\/\/altugsigorta.com\/wp-content\/uploads\/2024\/05\/Tasit-Sigotasi-resim-300x200.jpg 300w, https:\/\/altugsigorta.com\/wp-content\/uploads\/2024\/05\/Tasit-Sigotasi-resim-113x75.jpg 113w, https:\/\/altugsigorta.com\/wp-content\/uploads\/2024\/05\/Tasit-Sigotasi-resim-480x320.jpg 480w\" sizes=\"(max-width:767px) 480px, (max-width:768px) 100vw, 768px\" \/>Categories <\/p>\n<ul>\n<li><a href=\"https:\/\/altugsigorta.com\/index.php\/category\/seyahat-sigortasi\/\" rel=\"category tag\">Seyahat Sigortas\u0131<\/a><\/li>\n<\/ul>\n<h3 itemprop=\"headline\"><a href=\"https:\/\/altugsigorta.com\/index.php\/2024\/05\/22\/bebuilder-1522\/\">Seyahat Sigortas\u0131: Yolculuklarda Huzur ve G\u00fcvenlik<\/a><\/h3>\n<p>Seyahat Sigortas\u0131: Yolculuklarda Huzur Ve G\u00fcvenlik Seyahat Sigortas\u0131: Yolculuklarda Huzur ve G\u00fcvenlik Seyahat etmek, yeni yerler ke\u015ffetmek ve farkl\u0131 k\u00fclt\u00fcrleri deneyimlemek i\u00e7in harika bir yoldur. Ancak, beklenmedik olaylar seyahat deneyiminizi olumsuz etkileyebilir. \u0130\u015fte bu gibi durumlarda sizi koruyacak seyahat sigortas\u0131n\u0131n \u00f6nemi: 1. Sa\u011fl\u0131k Hizmetleri ve Acil Durumlar Yurtd\u0131\u015f\u0131nda seyahat ederken, aniden hastalanma veya yaralanma riski her zaman vard\u0131r. Seyahat sigortas\u0131, bu gibi durumlarda sa\u011fl\u0131k hizmetleri ve t\u0131bbi acil durumlar i\u00e7in gerekli mali korumay\u0131 sa\u011flar. Bu, acil t\u0131bbi tedavi, hastaneye yat\u0131\u015f ve ambulans hizmetleri gibi masraflar\u0131 kapsar. 2. Seyahat \u0130ptali veya \u0130ade Bazen beklenmedik durumlar nedeniyle seyahat planlar\u0131n\u0131z\u0131 iptal etmek zorunda [\u2026]<\/article>\n<article style=\"\">May\u0131s 22, 2024<img width=\"780\" height=\"408\" src=\"https:\/\/altugsigorta.com\/wp-content\/uploads\/2024\/05\/seyahat-sigortasi-resim.jpg\" alt=\"\" itemprop=\"image\" decoding=\"async\" srcset=\"https:\/\/altugsigorta.com\/wp-content\/uploads\/2024\/05\/seyahat-sigortasi-resim.jpg 780w, https:\/\/altugsigorta.com\/wp-content\/uploads\/2024\/05\/seyahat-sigortasi-resim-500x262.jpg 500w, https:\/\/altugsigorta.com\/wp-content\/uploads\/2024\/05\/seyahat-sigortasi-resim-300x157.jpg 300w, https:\/\/altugsigorta.com\/wp-content\/uploads\/2024\/05\/seyahat-sigortasi-resim-768x402.jpg 768w, https:\/\/altugsigorta.com\/wp-content\/uploads\/2024\/05\/seyahat-sigortasi-resim-143x75.jpg 143w, https:\/\/altugsigorta.com\/wp-content\/uploads\/2024\/05\/seyahat-sigortasi-resim-480x251.jpg 480w\" sizes=\"(max-width:767px) 480px, (max-width:780px) 100vw, 780px\" \/>Categories <\/p>\n<ul>\n<li><a href=\"https:\/\/altugsigorta.com\/index.php\/category\/seyahat-sigortasi\/\" rel=\"category tag\">Seyahat Sigortas\u0131<\/a><\/li>\n<\/ul>\n<h3 itemprop=\"headline\"><a href=\"https:\/\/altugsigorta.com\/index.php\/2024\/05\/22\/seyahat-sigortasi-almadan-once-bilmeniz-gerekenler\/\">Seyahat Sigortas\u0131 Almadan \u00d6nce Bilmeniz Gerekenler<\/a><\/h3>\n<p>Seyahat Sigortas\u0131 Almadan \u00d6nce Bilmeniz Gerekenler Seyahat Sigortas\u0131 Almadan \u00d6nce Bilmeniz Gerekenler Seyahat etmek, yeni yerler ke\u015ffetmek ve farkl\u0131 k\u00fclt\u00fcrleri deneyimlemek i\u00e7in harika bir yoldur. Ancak, beklenmedik olaylar seyahat deneyiminizi olumsuz etkileyebilir. \u0130\u015fte seyahat sigortas\u0131 almadan \u00f6nce bilmeniz gereken baz\u0131 \u00f6nemli hususlar: 1. Kapsam\u0131 Anlay\u0131n Seyahat sigortas\u0131 poli\u00e7esinin kapsam\u0131n\u0131 dikkatlice inceleyin. Poli\u00e7e hangi durumlar\u0131 kaps\u0131yor? Sa\u011fl\u0131k hizmetleri, seyahat iptalleri, bagaj kayb\u0131 veya hasar\u0131 gibi konular\u0131 kaps\u0131yor mu? Poli\u00e7enin kapsam\u0131n\u0131 anlamak, seyahat s\u0131ras\u0131nda kar\u015f\u0131la\u015fabilece\u011finiz olas\u0131 risklere kar\u015f\u0131 haz\u0131rl\u0131kl\u0131 olman\u0131z\u0131 sa\u011flar. 2. Sa\u011fl\u0131k Sigortas\u0131 Kapsam\u0131 Seyahat sigortas\u0131, seyahat s\u0131ras\u0131nda olas\u0131 sa\u011fl\u0131k sorunlar\u0131na kar\u015f\u0131 mali koruma sa\u011flar. Ancak, poli\u00e7enin sa\u011fl\u0131k hizmetleri kapsam\u0131n\u0131 dikkatlice [\u2026]<\/article>\n","protected":false},"excerpt":{"rendered":"<p>All Risk Sigortas\u0131 All Risk Sigortas\u0131 Kapsaml\u0131 Koruma: All Risk Sigortas\u0131 All Risk Sigortas\u0131, beklenmedik<span class=\"excerpt-hellip\"> [\u2026]<\/span><\/p>\n","protected":false},"author":1,"featured_media":0,"parent":0,"menu_order":0,"comment_status":"closed","ping_status":"closed","template":"","meta":{"footnotes":""},"class_list":["post-1732","page","type-page","status-publish","hentry"],"_links":{"self":[{"href":"https:\/\/altugsigorta.com\/index.php\/wp-json\/wp\/v2\/pages\/1732","targetHints":{"allow":["GET"]}}],"collection":[{"href":"https:\/\/altugsigorta.com\/index.php\/wp-json\/wp\/v2\/pages"}],"about":[{"href":"https:\/\/altugsigorta.com\/index.php\/wp-json\/wp\/v2\/types\/page"}],"author":[{"embeddable":true,"href":"https:\/\/altugsigorta.com\/index.php\/wp-json\/wp\/v2\/users\/1"}],"replies":[{"embeddable":true,"href":"https:\/\/altugsigorta.com\/index.php\/wp-json\/wp\/v2\/comments?post=1732"}],"version-history":[{"count":7,"href":"https:\/\/altugsigorta.com\/index.php\/wp-json\/wp\/v2\/pages\/1732\/revisions"}],"predecessor-version":[{"id":1745,"href":"https:\/\/altugsigorta.com\/index.php\/wp-json\/wp\/v2\/pages\/1732\/revisions\/1745"}],"wp:attachment":[{"href":"https:\/\/altugsigorta.com\/index.php\/wp-json\/wp\/v2\/media?parent=1732"}],"curies":[{"name":"wp","href":"https:\/\/api.w.org\/{rel}","templated":true}]}}