{"id":17,"date":"2022-10-18T10:54:48","date_gmt":"2022-10-18T10:54:48","guid":{"rendered":"https:\/\/altugsigorta.com\/?page_id=17"},"modified":"2024-05-27T08:29:12","modified_gmt":"2024-05-27T08:29:12","slug":"is-birlikcilerimiz","status":"publish","type":"page","link":"https:\/\/altugsigorta.com\/index.php\/is-birlikcilerimiz\/","title":{"rendered":"\u0130\u015f Birlik\u00e7ilerimiz"},"content":{"rendered":"\t\t<div data-elementor-type=\"wp-page\" data-elementor-id=\"17\" class=\"elementor elementor-17\" data-elementor-post-type=\"page\">\n\t\t\t\t\t\t<section class=\"elementor-section elementor-top-section elementor-element elementor-element-eaa794a elementor-section-full_width elementor-section-stretched elementor-section-height-default elementor-section-height-default\" data-id=\"eaa794a\" data-element_type=\"section\" data-e-type=\"section\" data-settings=\"{&quot;stretch_section&quot;:&quot;section-stretched&quot;}\">\n\t\t\t\t\t\t<div class=\"elementor-container elementor-column-gap-wider\">\n\t\t\t\t\t<div class=\"elementor-column elementor-col-100 elementor-top-column elementor-element elementor-element-bceac13\" data-id=\"bceac13\" data-element_type=\"column\" data-e-type=\"column\">\n\t\t\t<div class=\"elementor-widget-wrap\">\n\t\t\t\t\t\t\t<\/div>\n\t\t<\/div>\n\t\t\t\t\t<\/div>\n\t\t<\/section>\n\t\t\t\t<section class=\"elementor-section elementor-top-section elementor-element elementor-element-fa2d232 elementor-section-full_width elementor-section-stretched elementor-section-height-default elementor-section-height-default\" data-id=\"fa2d232\" data-element_type=\"section\" data-e-type=\"section\" data-settings=\"{&quot;stretch_section&quot;:&quot;section-stretched&quot;}\">\n\t\t\t\t\t\t<div class=\"elementor-container elementor-column-gap-wider\">\n\t\t\t\t\t<div class=\"elementor-column elementor-col-100 elementor-top-column elementor-element elementor-element-b311ece\" data-id=\"b311ece\" data-element_type=\"column\" data-e-type=\"column\" data-settings=\"{&quot;background_background&quot;:&quot;classic&quot;}\">\n\t\t\t<div class=\"elementor-widget-wrap elementor-element-populated\">\n\t\t\t\t\t<div class=\"elementor-background-overlay\"><\/div>\n\t\t\t\t\t\t<div class=\"elementor-element elementor-element-b0dcc5f elementor-widget__width-initial elementor-invisible elementor-widget elementor-widget-heading\" data-id=\"b0dcc5f\" data-element_type=\"widget\" data-e-type=\"widget\" data-settings=\"{&quot;_animation&quot;:&quot;zoomIn&quot;}\" data-widget_type=\"heading.default\">\n\t\t\t\t<div class=\"elementor-widget-container\">\n\t\t\t\t\t<h3 class=\"elementor-heading-title elementor-size-default\">\u0130\u015f Birlik\u00e7ilerimiz<\/h3>\t\t\t\t<\/div>\n\t\t\t\t<\/div>\n\t\t\t\t<div class=\"elementor-element elementor-element-e9ef13d elementor-widget__width-initial elementor-invisible elementor-widget elementor-widget-text-editor\" data-id=\"e9ef13d\" data-element_type=\"widget\" data-e-type=\"widget\" data-settings=\"{&quot;_animation&quot;:&quot;zoomIn&quot;,&quot;_animation_delay&quot;:800}\" data-widget_type=\"text-editor.default\">\n\t\t\t\t<div class=\"elementor-widget-container\">\n\t\t\t\t\t\t\t\t\t<p>Ba\u015far\u0131m\u0131z\u0131n arkas\u0131nda g\u00fc\u00e7l\u00fc i\u015f birlik\u00e7ilerimiz var. Birlikte \u00e7al\u0131\u015ft\u0131\u011f\u0131m\u0131z de\u011ferli partnerlerimizle sizlere en iyi hizmeti sunmaktan gurur duyuyoruz. \u0130\u015f ortaklar\u0131m\u0131z sayesinde, sigorta sekt\u00f6r\u00fcnde fark yarat\u0131yoruz<\/p>\t\t\t\t\t\t\t\t<\/div>\n\t\t\t\t<\/div>\n\t\t<div class=\"elementor-element elementor-element-61642c7 is-birlik e-flex e-con-boxed elementor-invisible e-con e-parent\" data-id=\"61642c7\" data-element_type=\"container\" data-e-type=\"container\" data-settings=\"{&quot;background_background&quot;:&quot;classic&quot;,&quot;animation&quot;:&quot;bounce&quot;}\">\n\t\t\t\t\t<div class=\"e-con-inner\">\n\t\t\t\t<div class=\"elementor-element elementor-element-6c902dc elementor-widget elementor-widget-image\" data-id=\"6c902dc\" data-element_type=\"widget\" data-e-type=\"widget\" data-widget_type=\"image.default\">\n\t\t\t\t<div class=\"elementor-widget-container\">\n\t\t\t\t\t\t\t\t\t\t\t\t\t\t\t<img fetchpriority=\"high\" decoding=\"async\" width=\"866\" height=\"650\" src=\"https:\/\/altugsigorta.com\/wp-content\/uploads\/2024\/05\/bereket-sigorta9790-1.png\" class=\"attachment-large size-large wp-image-667\" alt=\"\" srcset=\"https:\/\/altugsigorta.com\/wp-content\/uploads\/2024\/05\/bereket-sigorta9790-1.png 866w, https:\/\/altugsigorta.com\/wp-content\/uploads\/2024\/05\/bereket-sigorta9790-1-500x375.png 500w, https:\/\/altugsigorta.com\/wp-content\/uploads\/2024\/05\/bereket-sigorta9790-1-300x225.png 300w, https:\/\/altugsigorta.com\/wp-content\/uploads\/2024\/05\/bereket-sigorta9790-1-768x576.png 768w, https:\/\/altugsigorta.com\/wp-content\/uploads\/2024\/05\/bereket-sigorta9790-1-100x75.png 100w, https:\/\/altugsigorta.com\/wp-content\/uploads\/2024\/05\/bereket-sigorta9790-1-480x360.png 480w\" sizes=\"(max-width:767px) 480px, (max-width:866px) 100vw, 866px\" \/>\t\t\t\t\t\t\t\t\t\t\t\t\t\t\t<\/div>\n\t\t\t\t<\/div>\n\t\t\t\t<div class=\"elementor-element elementor-element-28b6944 elementor-widget elementor-widget-image\" data-id=\"28b6944\" data-element_type=\"widget\" data-e-type=\"widget\" data-widget_type=\"image.default\">\n\t\t\t\t<div class=\"elementor-widget-container\">\n\t\t\t\t\t\t\t\t\t\t\t\t\t\t\t<img decoding=\"async\" width=\"1062\" height=\"682\" src=\"https:\/\/altugsigorta.com\/wp-content\/uploads\/2024\/05\/quick-logo-2.png\" class=\"attachment-large size-large wp-image-668\" alt=\"\" srcset=\"https:\/\/altugsigorta.com\/wp-content\/uploads\/2024\/05\/quick-logo-2.png 1062w, https:\/\/altugsigorta.com\/wp-content\/uploads\/2024\/05\/quick-logo-2-500x321.png 500w, https:\/\/altugsigorta.com\/wp-content\/uploads\/2024\/05\/quick-logo-2-300x193.png 300w, https:\/\/altugsigorta.com\/wp-content\/uploads\/2024\/05\/quick-logo-2-768x493.png 768w, https:\/\/altugsigorta.com\/wp-content\/uploads\/2024\/05\/quick-logo-2-117x75.png 117w, https:\/\/altugsigorta.com\/wp-content\/uploads\/2024\/05\/quick-logo-2-480x308.png 480w\" sizes=\"(max-width:767px) 480px, (max-width:1062px) 100vw, 1062px\" \/>\t\t\t\t\t\t\t\t\t\t\t\t\t\t\t<\/div>\n\t\t\t\t<\/div>\n\t\t\t\t<div class=\"elementor-element elementor-element-261a6ac elementor-widget elementor-widget-image\" data-id=\"261a6ac\" data-element_type=\"widget\" data-e-type=\"widget\" data-widget_type=\"image.default\">\n\t\t\t\t<div class=\"elementor-widget-container\">\n\t\t\t\t\t\t\t\t\t\t\t\t\t\t\t<img decoding=\"async\" width=\"1004\" height=\"198\" src=\"https:\/\/altugsigorta.com\/wp-content\/uploads\/2024\/05\/Magdeburger_Logo.png\" class=\"attachment-large size-large wp-image-671\" alt=\"\" srcset=\"https:\/\/altugsigorta.com\/wp-content\/uploads\/2024\/05\/Magdeburger_Logo.png 1004w, https:\/\/altugsigorta.com\/wp-content\/uploads\/2024\/05\/Magdeburger_Logo-500x99.png 500w, https:\/\/altugsigorta.com\/wp-content\/uploads\/2024\/05\/Magdeburger_Logo-300x59.png 300w, https:\/\/altugsigorta.com\/wp-content\/uploads\/2024\/05\/Magdeburger_Logo-768x151.png 768w, https:\/\/altugsigorta.com\/wp-content\/uploads\/2024\/05\/Magdeburger_Logo-150x30.png 150w, https:\/\/altugsigorta.com\/wp-content\/uploads\/2024\/05\/Magdeburger_Logo-480x95.png 480w\" sizes=\"(max-width:767px) 480px, (max-width:1004px) 100vw, 1004px\" \/>\t\t\t\t\t\t\t\t\t\t\t\t\t\t\t<\/div>\n\t\t\t\t<\/div>\n\t\t\t\t<div class=\"elementor-element elementor-element-4cf6228 elementor-widget elementor-widget-image\" data-id=\"4cf6228\" data-element_type=\"widget\" data-e-type=\"widget\" data-widget_type=\"image.default\">\n\t\t\t\t<div class=\"elementor-widget-container\">\n\t\t\t\t\t\t\t\t\t\t\t\t\t\t\t<img loading=\"lazy\" decoding=\"async\" width=\"866\" height=\"650\" src=\"https:\/\/altugsigorta.com\/wp-content\/uploads\/2024\/05\/hepiyi-sigorta5466.logowik.com_.png\" class=\"attachment-large size-large wp-image-669\" alt=\"\" srcset=\"https:\/\/altugsigorta.com\/wp-content\/uploads\/2024\/05\/hepiyi-sigorta5466.logowik.com_.png 866w, https:\/\/altugsigorta.com\/wp-content\/uploads\/2024\/05\/hepiyi-sigorta5466.logowik.com_-500x375.png 500w, https:\/\/altugsigorta.com\/wp-content\/uploads\/2024\/05\/hepiyi-sigorta5466.logowik.com_-300x225.png 300w, https:\/\/altugsigorta.com\/wp-content\/uploads\/2024\/05\/hepiyi-sigorta5466.logowik.com_-768x576.png 768w, https:\/\/altugsigorta.com\/wp-content\/uploads\/2024\/05\/hepiyi-sigorta5466.logowik.com_-100x75.png 100w, https:\/\/altugsigorta.com\/wp-content\/uploads\/2024\/05\/hepiyi-sigorta5466.logowik.com_-480x360.png 480w\" sizes=\"(max-width:767px) 480px, (max-width:866px) 100vw, 866px\" \/>\t\t\t\t\t\t\t\t\t\t\t\t\t\t\t<\/div>\n\t\t\t\t<\/div>\n\t\t\t\t<div class=\"elementor-element elementor-element-6ca5da0 elementor-widget elementor-widget-image\" data-id=\"6ca5da0\" data-element_type=\"widget\" data-e-type=\"widget\" data-widget_type=\"image.default\">\n\t\t\t\t<div class=\"elementor-widget-container\">\n\t\t\t\t\t\t\t\t\t\t\t\t\t\t\t<img loading=\"lazy\" decoding=\"async\" width=\"400\" height=\"222\" src=\"https:\/\/altugsigorta.com\/wp-content\/uploads\/2024\/05\/27960.png\" class=\"attachment-large size-large wp-image-670\" alt=\"\" srcset=\"https:\/\/altugsigorta.com\/wp-content\/uploads\/2024\/05\/27960.png 400w, https:\/\/altugsigorta.com\/wp-content\/uploads\/2024\/05\/27960-300x167.png 300w, https:\/\/altugsigorta.com\/wp-content\/uploads\/2024\/05\/27960-135x75.png 135w\" sizes=\"(max-width:767px) 400px, 400px\" \/>\t\t\t\t\t\t\t\t\t\t\t\t\t\t\t<\/div>\n\t\t\t\t<\/div>\n\t\t\t\t\t<\/div>\n\t\t\t\t<\/div>\n\t\t\t\t\t<\/div>\n\t\t<\/div>\n\t\t\t\t\t<\/div>\n\t\t<\/section>\n\t\t\t\t<\/div>\n\t\t","protected":false},"excerpt":{"rendered":"<p>\u0130\u015f Birlik\u00e7ilerimiz Ba\u015far\u0131m\u0131z\u0131n arkas\u0131nda g\u00fc\u00e7l\u00fc i\u015f birlik\u00e7ilerimiz var. Birlikte \u00e7al\u0131\u015ft\u0131\u011f\u0131m\u0131z de\u011ferli partnerlerimizle sizlere en iyi<span class=\"excerpt-hellip\"> [\u2026]<\/span><\/p>\n","protected":false},"author":1,"featured_media":0,"parent":0,"menu_order":0,"comment_status":"open","ping_status":"closed","template":"","meta":{"footnotes":""},"class_list":["post-17","page","type-page","status-publish","hentry"],"_links":{"self":[{"href":"https:\/\/altugsigorta.com\/index.php\/wp-json\/wp\/v2\/pages\/17","targetHints":{"allow":["GET"]}}],"collection":[{"href":"https:\/\/altugsigorta.com\/index.php\/wp-json\/wp\/v2\/pages"}],"about":[{"href":"https:\/\/altugsigorta.com\/index.php\/wp-json\/wp\/v2\/types\/page"}],"author":[{"embeddable":true,"href":"https:\/\/altugsigorta.com\/index.php\/wp-json\/wp\/v2\/users\/1"}],"replies":[{"embeddable":true,"href":"https:\/\/altugsigorta.com\/index.php\/wp-json\/wp\/v2\/comments?post=17"}],"version-history":[{"count":31,"href":"https:\/\/altugsigorta.com\/index.php\/wp-json\/wp\/v2\/pages\/17\/revisions"}],"predecessor-version":[{"id":1706,"href":"https:\/\/altugsigorta.com\/index.php\/wp-json\/wp\/v2\/pages\/17\/revisions\/1706"}],"wp:attachment":[{"href":"https:\/\/altugsigorta.com\/index.php\/wp-json\/wp\/v2\/media?parent=17"}],"curies":[{"name":"wp","href":"https:\/\/api.w.org\/{rel}","templated":true}]}}